{"id":929,"date":"2020-10-01T19:43:42","date_gmt":"2020-10-01T22:43:42","guid":{"rendered":"https:\/\/www-hml.marelli.com.br\/ergonomia\/"},"modified":"2023-08-10T18:48:51","modified_gmt":"2023-08-10T21:48:51","slug":"ergonomia","status":"publish","type":"page","link":"https:\/\/marelli.protoaws.dzigual.com.br\/es\/ergonomia\/","title":{"rendered":"Ergonom\u00eda"},"content":{"rendered":"","protected":false},"excerpt":{"rendered":"","protected":false},"author":1,"featured_media":633,"parent":0,"menu_order":0,"comment_status":"closed","ping_status":"closed","template":"template-pages\/ergonomia.php","meta":{"_acf_changed":false,"footnotes":""},"class_list":["post-929","page","type-page","status-publish","has-post-thumbnail","hentry"],"acf":[],"yoast_head":"<!-- This site is optimized with the Yoast SEO plugin v27.0 - https:\/\/yoast.com\/product\/yoast-seo-wordpress\/ -->\n<title>Ergonom\u00eda - Marelli<\/title>\n<meta name=\"description\" content=\"Accede y conoce m\u00e1s sobre la Ergonom\u00eda y lo importante que es para el ambiente de trabajo.\" \/>\n<meta name=\"robots\" content=\"index, follow, max-snippet:-1, max-image-preview:large, max-video-preview:-1\" \/>\n<link rel=\"canonical\" href=\"https:\/\/marelli.protoaws.dzigual.com.br\/es\/ergonomia\/\" \/>\n<meta property=\"og:locale\" content=\"es_ES\" \/>\n<meta property=\"og:type\" content=\"article\" \/>\n<meta property=\"og:title\" content=\"Ergonom\u00eda - Marelli\" \/>\n<meta property=\"og:description\" content=\"Accede y conoce m\u00e1s sobre la Ergonom\u00eda y lo importante que es para el ambiente de trabajo.\" \/>\n<meta property=\"og:url\" content=\"https:\/\/marelli.protoaws.dzigual.com.br\/ergonomia\/\" \/>\n<meta property=\"og:site_name\" content=\"Marelli\" \/>\n<meta property=\"article:modified_time\" content=\"2023-08-10T21:48:51+00:00\" \/>\n<meta property=\"og:image\" content=\"https:\/\/marelli.protoaws.dzigual.com.br\/wp-content\/uploads\/2020\/12\/ergonomia-cover.jpg\" \/>\n\t<meta property=\"og:image:width\" content=\"1440\" \/>\n\t<meta property=\"og:image:height\" content=\"697\" \/>\n\t<meta property=\"og:image:type\" content=\"image\/jpeg\" \/>\n<meta name=\"twitter:card\" content=\"summary_large_image\" \/>\n<script type=\"application\/ld+json\" class=\"yoast-schema-graph\">{\"@context\":\"https:\/\/schema.org\",\"@graph\":[{\"@type\":\"WebPage\",\"@id\":\"https:\/\/marelli.protoaws.dzigual.com.br\/ergonomia\/\",\"url\":\"https:\/\/marelli.protoaws.dzigual.com.br\/ergonomia\/\",\"name\":\"Ergonom\u00eda - Marelli\",\"isPartOf\":{\"@id\":\"https:\/\/marelli.protoaws.dzigual.com.br\/#website\"},\"primaryImageOfPage\":{\"@id\":\"https:\/\/marelli.protoaws.dzigual.com.br\/ergonomia\/#primaryimage\"},\"image\":{\"@id\":\"https:\/\/marelli.protoaws.dzigual.com.br\/ergonomia\/#primaryimage\"},\"thumbnailUrl\":\"https:\/\/marelli.protoaws.dzigual.com.br\/wp-content\/uploads\/2020\/12\/ergonomia-cover.jpg\",\"datePublished\":\"2020-10-01T22:43:42+00:00\",\"dateModified\":\"2023-08-10T21:48:51+00:00\",\"description\":\"Accede y conoce m\u00e1s sobre la Ergonom\u00eda y lo importante que es para el ambiente de trabajo.\",\"inLanguage\":\"es-ES\",\"potentialAction\":[{\"@type\":\"ReadAction\",\"target\":[\"https:\/\/marelli.protoaws.dzigual.com.br\/ergonomia\/\"]}]},{\"@type\":\"ImageObject\",\"inLanguage\":\"es-ES\",\"@id\":\"https:\/\/marelli.protoaws.dzigual.com.br\/ergonomia\/#primaryimage\",\"url\":\"https:\/\/marelli.protoaws.dzigual.com.br\/wp-content\/uploads\/2020\/12\/ergonomia-cover.jpg\",\"contentUrl\":\"https:\/\/marelli.protoaws.dzigual.com.br\/wp-content\/uploads\/2020\/12\/ergonomia-cover.jpg\",\"width\":1440,\"height\":697},{\"@type\":\"WebSite\",\"@id\":\"https:\/\/marelli.protoaws.dzigual.com.br\/#website\",\"url\":\"https:\/\/marelli.protoaws.dzigual.com.br\/\",\"name\":\"Marelli\",\"description\":\"H\u00e1 mais de 37 anos desenvolvendo solu\u00e7\u00f5es inovadoras de mobili\u00e1rio corporativo com design e ergonomia.\",\"potentialAction\":[{\"@type\":\"SearchAction\",\"target\":{\"@type\":\"EntryPoint\",\"urlTemplate\":\"https:\/\/marelli.protoaws.dzigual.com.br\/?s={search_term_string}\"},\"query-input\":{\"@type\":\"PropertyValueSpecification\",\"valueRequired\":true,\"valueName\":\"search_term_string\"}}],\"inLanguage\":\"es-ES\"}]}<\/script>\n<!-- \/ Yoast SEO plugin. -->","yoast_head_json":{"title":"Ergonom\u00eda - Marelli","description":"Accede y conoce m\u00e1s sobre la Ergonom\u00eda y lo importante que es para el ambiente de trabajo.","robots":{"index":"index","follow":"follow","max-snippet":"max-snippet:-1","max-image-preview":"max-image-preview:large","max-video-preview":"max-video-preview:-1"},"canonical":"https:\/\/marelli.protoaws.dzigual.com.br\/es\/ergonomia\/","og_locale":"es_ES","og_type":"article","og_title":"Ergonom\u00eda - Marelli","og_description":"Accede y conoce m\u00e1s sobre la Ergonom\u00eda y lo importante que es para el ambiente de trabajo.","og_url":"https:\/\/marelli.protoaws.dzigual.com.br\/ergonomia\/","og_site_name":"Marelli","article_modified_time":"2023-08-10T21:48:51+00:00","og_image":[{"width":1440,"height":697,"url":"https:\/\/marelli.protoaws.dzigual.com.br\/wp-content\/uploads\/2020\/12\/ergonomia-cover.jpg","type":"image\/jpeg"}],"twitter_card":"summary_large_image","schema":{"@context":"https:\/\/schema.org","@graph":[{"@type":"WebPage","@id":"https:\/\/marelli.protoaws.dzigual.com.br\/ergonomia\/","url":"https:\/\/marelli.protoaws.dzigual.com.br\/ergonomia\/","name":"Ergonom\u00eda - Marelli","isPartOf":{"@id":"https:\/\/marelli.protoaws.dzigual.com.br\/#website"},"primaryImageOfPage":{"@id":"https:\/\/marelli.protoaws.dzigual.com.br\/ergonomia\/#primaryimage"},"image":{"@id":"https:\/\/marelli.protoaws.dzigual.com.br\/ergonomia\/#primaryimage"},"thumbnailUrl":"https:\/\/marelli.protoaws.dzigual.com.br\/wp-content\/uploads\/2020\/12\/ergonomia-cover.jpg","datePublished":"2020-10-01T22:43:42+00:00","dateModified":"2023-08-10T21:48:51+00:00","description":"Accede y conoce m\u00e1s sobre la Ergonom\u00eda y lo importante que es para el ambiente de trabajo.","inLanguage":"es-ES","potentialAction":[{"@type":"ReadAction","target":["https:\/\/marelli.protoaws.dzigual.com.br\/ergonomia\/"]}]},{"@type":"ImageObject","inLanguage":"es-ES","@id":"https:\/\/marelli.protoaws.dzigual.com.br\/ergonomia\/#primaryimage","url":"https:\/\/marelli.protoaws.dzigual.com.br\/wp-content\/uploads\/2020\/12\/ergonomia-cover.jpg","contentUrl":"https:\/\/marelli.protoaws.dzigual.com.br\/wp-content\/uploads\/2020\/12\/ergonomia-cover.jpg","width":1440,"height":697},{"@type":"WebSite","@id":"https:\/\/marelli.protoaws.dzigual.com.br\/#website","url":"https:\/\/marelli.protoaws.dzigual.com.br\/","name":"Marelli","description":"H\u00e1 mais de 37 anos desenvolvendo solu\u00e7\u00f5es inovadoras de mobili\u00e1rio corporativo com design e ergonomia.","potentialAction":[{"@type":"SearchAction","target":{"@type":"EntryPoint","urlTemplate":"https:\/\/marelli.protoaws.dzigual.com.br\/?s={search_term_string}"},"query-input":{"@type":"PropertyValueSpecification","valueRequired":true,"valueName":"search_term_string"}}],"inLanguage":"es-ES"}]}},"_links":{"self":[{"href":"https:\/\/marelli.protoaws.dzigual.com.br\/es\/wp-json\/wp\/v2\/pages\/929","targetHints":{"allow":["GET"]}}],"collection":[{"href":"https:\/\/marelli.protoaws.dzigual.com.br\/es\/wp-json\/wp\/v2\/pages"}],"about":[{"href":"https:\/\/marelli.protoaws.dzigual.com.br\/es\/wp-json\/wp\/v2\/types\/page"}],"author":[{"embeddable":true,"href":"https:\/\/marelli.protoaws.dzigual.com.br\/es\/wp-json\/wp\/v2\/users\/1"}],"replies":[{"embeddable":true,"href":"https:\/\/marelli.protoaws.dzigual.com.br\/es\/wp-json\/wp\/v2\/comments?post=929"}],"version-history":[{"count":11,"href":"https:\/\/marelli.protoaws.dzigual.com.br\/es\/wp-json\/wp\/v2\/pages\/929\/revisions"}],"predecessor-version":[{"id":3027,"href":"https:\/\/marelli.protoaws.dzigual.com.br\/es\/wp-json\/wp\/v2\/pages\/929\/revisions\/3027"}],"wp:featuredmedia":[{"embeddable":true,"href":"https:\/\/marelli.protoaws.dzigual.com.br\/es\/wp-json\/wp\/v2\/media\/633"}],"wp:attachment":[{"href":"https:\/\/marelli.protoaws.dzigual.com.br\/es\/wp-json\/wp\/v2\/media?parent=929"}],"curies":[{"name":"wp","href":"https:\/\/api.w.org\/{rel}","templated":true}]}}