{"id":441,"date":"2020-10-01T20:11:47","date_gmt":"2020-10-01T23:11:47","guid":{"rendered":"https:\/\/www-hml.marelli.com.br\/onde-comprar\/"},"modified":"2023-08-10T18:47:57","modified_gmt":"2023-08-10T21:47:57","slug":"donde-comprar","status":"publish","type":"page","link":"https:\/\/marelli.protoaws.dzigual.com.br\/es\/donde-comprar\/","title":{"rendered":"D\u00f3nde comprar"},"content":{"rendered":"","protected":false},"excerpt":{"rendered":"","protected":false},"author":1,"featured_media":613,"parent":0,"menu_order":0,"comment_status":"closed","ping_status":"closed","template":"template-pages\/onde-comprar.php","meta":{"_acf_changed":false,"footnotes":""},"class_list":["post-441","page","type-page","status-publish","has-post-thumbnail","hentry"],"acf":[],"yoast_head":"<!-- This site is optimized with the Yoast SEO plugin v27.0 - https:\/\/yoast.com\/product\/yoast-seo-wordpress\/ -->\n<title>D\u00f3nde comprar - Marelli<\/title>\n<meta name=\"description\" content=\"Visita para saber d\u00f3nde comprar muebles Marelli.\" \/>\n<meta name=\"robots\" content=\"index, follow, max-snippet:-1, max-image-preview:large, max-video-preview:-1\" \/>\n<link rel=\"canonical\" href=\"https:\/\/marelli.protoaws.dzigual.com.br\/es\/donde-comprar\/\" \/>\n<meta property=\"og:locale\" content=\"es_ES\" \/>\n<meta property=\"og:type\" content=\"article\" \/>\n<meta property=\"og:title\" content=\"D\u00f3nde comprar - Marelli\" \/>\n<meta property=\"og:description\" content=\"Visita para saber d\u00f3nde comprar muebles Marelli.\" \/>\n<meta property=\"og:url\" content=\"https:\/\/marelli.protoaws.dzigual.com.br\/onde-comprar\/\" \/>\n<meta property=\"og:site_name\" content=\"Marelli\" \/>\n<meta property=\"article:modified_time\" content=\"2023-08-10T21:47:57+00:00\" \/>\n<meta property=\"og:image\" content=\"https:\/\/marelli.protoaws.dzigual.com.br\/wp-content\/uploads\/2020\/12\/onde-comprar-2.jpg\" \/>\n\t<meta property=\"og:image:width\" content=\"1440\" \/>\n\t<meta property=\"og:image:height\" content=\"541\" \/>\n\t<meta property=\"og:image:type\" content=\"image\/jpeg\" \/>\n<meta name=\"twitter:card\" content=\"summary_large_image\" \/>\n<script type=\"application\/ld+json\" class=\"yoast-schema-graph\">{\"@context\":\"https:\/\/schema.org\",\"@graph\":[{\"@type\":\"WebPage\",\"@id\":\"https:\/\/marelli.protoaws.dzigual.com.br\/onde-comprar\/\",\"url\":\"https:\/\/marelli.protoaws.dzigual.com.br\/onde-comprar\/\",\"name\":\"D\u00f3nde comprar - Marelli\",\"isPartOf\":{\"@id\":\"https:\/\/marelli.protoaws.dzigual.com.br\/#website\"},\"primaryImageOfPage\":{\"@id\":\"https:\/\/marelli.protoaws.dzigual.com.br\/onde-comprar\/#primaryimage\"},\"image\":{\"@id\":\"https:\/\/marelli.protoaws.dzigual.com.br\/onde-comprar\/#primaryimage\"},\"thumbnailUrl\":\"https:\/\/marelli.protoaws.dzigual.com.br\/wp-content\/uploads\/2020\/12\/onde-comprar-2.jpg\",\"datePublished\":\"2020-10-01T23:11:47+00:00\",\"dateModified\":\"2023-08-10T21:47:57+00:00\",\"description\":\"Visita para saber d\u00f3nde comprar muebles Marelli.\",\"inLanguage\":\"es-ES\",\"potentialAction\":[{\"@type\":\"ReadAction\",\"target\":[\"https:\/\/marelli.protoaws.dzigual.com.br\/onde-comprar\/\"]}]},{\"@type\":\"ImageObject\",\"inLanguage\":\"es-ES\",\"@id\":\"https:\/\/marelli.protoaws.dzigual.com.br\/onde-comprar\/#primaryimage\",\"url\":\"https:\/\/marelli.protoaws.dzigual.com.br\/wp-content\/uploads\/2020\/12\/onde-comprar-2.jpg\",\"contentUrl\":\"https:\/\/marelli.protoaws.dzigual.com.br\/wp-content\/uploads\/2020\/12\/onde-comprar-2.jpg\",\"width\":1440,\"height\":541},{\"@type\":\"WebSite\",\"@id\":\"https:\/\/marelli.protoaws.dzigual.com.br\/#website\",\"url\":\"https:\/\/marelli.protoaws.dzigual.com.br\/\",\"name\":\"Marelli\",\"description\":\"H\u00e1 mais de 37 anos desenvolvendo solu\u00e7\u00f5es inovadoras de mobili\u00e1rio corporativo com design e ergonomia.\",\"potentialAction\":[{\"@type\":\"SearchAction\",\"target\":{\"@type\":\"EntryPoint\",\"urlTemplate\":\"https:\/\/marelli.protoaws.dzigual.com.br\/?s={search_term_string}\"},\"query-input\":{\"@type\":\"PropertyValueSpecification\",\"valueRequired\":true,\"valueName\":\"search_term_string\"}}],\"inLanguage\":\"es-ES\"}]}<\/script>\n<!-- \/ Yoast SEO plugin. -->","yoast_head_json":{"title":"D\u00f3nde comprar - Marelli","description":"Visita para saber d\u00f3nde comprar muebles Marelli.","robots":{"index":"index","follow":"follow","max-snippet":"max-snippet:-1","max-image-preview":"max-image-preview:large","max-video-preview":"max-video-preview:-1"},"canonical":"https:\/\/marelli.protoaws.dzigual.com.br\/es\/donde-comprar\/","og_locale":"es_ES","og_type":"article","og_title":"D\u00f3nde comprar - Marelli","og_description":"Visita para saber d\u00f3nde comprar muebles Marelli.","og_url":"https:\/\/marelli.protoaws.dzigual.com.br\/onde-comprar\/","og_site_name":"Marelli","article_modified_time":"2023-08-10T21:47:57+00:00","og_image":[{"width":1440,"height":541,"url":"https:\/\/marelli.protoaws.dzigual.com.br\/wp-content\/uploads\/2020\/12\/onde-comprar-2.jpg","type":"image\/jpeg"}],"twitter_card":"summary_large_image","schema":{"@context":"https:\/\/schema.org","@graph":[{"@type":"WebPage","@id":"https:\/\/marelli.protoaws.dzigual.com.br\/onde-comprar\/","url":"https:\/\/marelli.protoaws.dzigual.com.br\/onde-comprar\/","name":"D\u00f3nde comprar - Marelli","isPartOf":{"@id":"https:\/\/marelli.protoaws.dzigual.com.br\/#website"},"primaryImageOfPage":{"@id":"https:\/\/marelli.protoaws.dzigual.com.br\/onde-comprar\/#primaryimage"},"image":{"@id":"https:\/\/marelli.protoaws.dzigual.com.br\/onde-comprar\/#primaryimage"},"thumbnailUrl":"https:\/\/marelli.protoaws.dzigual.com.br\/wp-content\/uploads\/2020\/12\/onde-comprar-2.jpg","datePublished":"2020-10-01T23:11:47+00:00","dateModified":"2023-08-10T21:47:57+00:00","description":"Visita para saber d\u00f3nde comprar muebles Marelli.","inLanguage":"es-ES","potentialAction":[{"@type":"ReadAction","target":["https:\/\/marelli.protoaws.dzigual.com.br\/onde-comprar\/"]}]},{"@type":"ImageObject","inLanguage":"es-ES","@id":"https:\/\/marelli.protoaws.dzigual.com.br\/onde-comprar\/#primaryimage","url":"https:\/\/marelli.protoaws.dzigual.com.br\/wp-content\/uploads\/2020\/12\/onde-comprar-2.jpg","contentUrl":"https:\/\/marelli.protoaws.dzigual.com.br\/wp-content\/uploads\/2020\/12\/onde-comprar-2.jpg","width":1440,"height":541},{"@type":"WebSite","@id":"https:\/\/marelli.protoaws.dzigual.com.br\/#website","url":"https:\/\/marelli.protoaws.dzigual.com.br\/","name":"Marelli","description":"H\u00e1 mais de 37 anos desenvolvendo solu\u00e7\u00f5es inovadoras de mobili\u00e1rio corporativo com design e ergonomia.","potentialAction":[{"@type":"SearchAction","target":{"@type":"EntryPoint","urlTemplate":"https:\/\/marelli.protoaws.dzigual.com.br\/?s={search_term_string}"},"query-input":{"@type":"PropertyValueSpecification","valueRequired":true,"valueName":"search_term_string"}}],"inLanguage":"es-ES"}]}},"_links":{"self":[{"href":"https:\/\/marelli.protoaws.dzigual.com.br\/es\/wp-json\/wp\/v2\/pages\/441","targetHints":{"allow":["GET"]}}],"collection":[{"href":"https:\/\/marelli.protoaws.dzigual.com.br\/es\/wp-json\/wp\/v2\/pages"}],"about":[{"href":"https:\/\/marelli.protoaws.dzigual.com.br\/es\/wp-json\/wp\/v2\/types\/page"}],"author":[{"embeddable":true,"href":"https:\/\/marelli.protoaws.dzigual.com.br\/es\/wp-json\/wp\/v2\/users\/1"}],"replies":[{"embeddable":true,"href":"https:\/\/marelli.protoaws.dzigual.com.br\/es\/wp-json\/wp\/v2\/comments?post=441"}],"version-history":[{"count":1,"href":"https:\/\/marelli.protoaws.dzigual.com.br\/es\/wp-json\/wp\/v2\/pages\/441\/revisions"}],"predecessor-version":[{"id":442,"href":"https:\/\/marelli.protoaws.dzigual.com.br\/es\/wp-json\/wp\/v2\/pages\/441\/revisions\/442"}],"wp:featuredmedia":[{"embeddable":true,"href":"https:\/\/marelli.protoaws.dzigual.com.br\/es\/wp-json\/wp\/v2\/media\/613"}],"wp:attachment":[{"href":"https:\/\/marelli.protoaws.dzigual.com.br\/es\/wp-json\/wp\/v2\/media?parent=441"}],"curies":[{"name":"wp","href":"https:\/\/api.w.org\/{rel}","templated":true}]}}