{"id":415,"date":"2020-10-01T18:49:21","date_gmt":"2020-10-01T21:49:21","guid":{"rendered":"https:\/\/www-hml.marelli.com.br\/o-que-nos-motiva\/"},"modified":"2023-08-11T11:29:11","modified_gmt":"2023-08-11T14:29:11","slug":"quienes-somos","status":"publish","type":"page","link":"https:\/\/marelli.protoaws.dzigual.com.br\/es\/quienes-somos\/","title":{"rendered":"Es sobre ambientes que transforman profesionales."},"content":{"rendered":"","protected":false},"excerpt":{"rendered":"","protected":false},"author":1,"featured_media":2046,"parent":0,"menu_order":0,"comment_status":"closed","ping_status":"closed","template":"template-pages\/o-que-nos-motiva.php","meta":{"_acf_changed":false,"footnotes":""},"class_list":["post-415","page","type-page","status-publish","has-post-thumbnail","hentry"],"acf":[],"yoast_head":"<!-- This site is optimized with the Yoast SEO plugin v27.0 - https:\/\/yoast.com\/product\/yoast-seo-wordpress\/ -->\n<title>Es sobre ambientes que transforman profesionales. - Marelli<\/title>\n<meta name=\"description\" content=\"Accede y conoce m\u00e1s sobre Es sobre entornos que transforman a los profesionales.\" \/>\n<meta name=\"robots\" content=\"index, follow, max-snippet:-1, max-image-preview:large, max-video-preview:-1\" \/>\n<link rel=\"canonical\" href=\"https:\/\/marelli.protoaws.dzigual.com.br\/es\/quienes-somos\/\" \/>\n<meta property=\"og:locale\" content=\"es_ES\" \/>\n<meta property=\"og:type\" content=\"article\" \/>\n<meta property=\"og:title\" content=\"Es sobre ambientes que transforman profesionales. - Marelli\" \/>\n<meta property=\"og:description\" content=\"Accede y conoce m\u00e1s sobre Es sobre entornos que transforman a los profesionales.\" \/>\n<meta property=\"og:url\" content=\"https:\/\/marelli.protoaws.dzigual.com.br\/quem-somos\/\" \/>\n<meta property=\"og:site_name\" content=\"Marelli\" \/>\n<meta property=\"article:modified_time\" content=\"2023-08-11T14:29:11+00:00\" \/>\n<meta property=\"og:image\" content=\"https:\/\/marelli.protoaws.dzigual.com.br\/wp-content\/uploads\/2022\/05\/FOTO-A\u00c9REA-TRATADA.jpg\" \/>\n\t<meta property=\"og:image:width\" content=\"2000\" \/>\n\t<meta property=\"og:image:height\" content=\"1042\" \/>\n\t<meta property=\"og:image:type\" content=\"image\/jpeg\" \/>\n<meta name=\"twitter:card\" content=\"summary_large_image\" \/>\n<script type=\"application\/ld+json\" class=\"yoast-schema-graph\">{\"@context\":\"https:\/\/schema.org\",\"@graph\":[{\"@type\":\"WebPage\",\"@id\":\"https:\/\/marelli.protoaws.dzigual.com.br\/quem-somos\/\",\"url\":\"https:\/\/marelli.protoaws.dzigual.com.br\/quem-somos\/\",\"name\":\"Es sobre ambientes que transforman profesionales. - Marelli\",\"isPartOf\":{\"@id\":\"https:\/\/marelli.protoaws.dzigual.com.br\/#website\"},\"primaryImageOfPage\":{\"@id\":\"https:\/\/marelli.protoaws.dzigual.com.br\/quem-somos\/#primaryimage\"},\"image\":{\"@id\":\"https:\/\/marelli.protoaws.dzigual.com.br\/quem-somos\/#primaryimage\"},\"thumbnailUrl\":\"https:\/\/marelli.protoaws.dzigual.com.br\/wp-content\/uploads\/2022\/05\/FOTO-A\u00c9REA-TRATADA.jpg\",\"datePublished\":\"2020-10-01T21:49:21+00:00\",\"dateModified\":\"2023-08-11T14:29:11+00:00\",\"description\":\"Accede y conoce m\u00e1s sobre Es sobre entornos que transforman a los profesionales.\",\"inLanguage\":\"es-ES\",\"potentialAction\":[{\"@type\":\"ReadAction\",\"target\":[\"https:\/\/marelli.protoaws.dzigual.com.br\/quem-somos\/\"]}]},{\"@type\":\"ImageObject\",\"inLanguage\":\"es-ES\",\"@id\":\"https:\/\/marelli.protoaws.dzigual.com.br\/quem-somos\/#primaryimage\",\"url\":\"https:\/\/marelli.protoaws.dzigual.com.br\/wp-content\/uploads\/2022\/05\/FOTO-A\u00c9REA-TRATADA.jpg\",\"contentUrl\":\"https:\/\/marelli.protoaws.dzigual.com.br\/wp-content\/uploads\/2022\/05\/FOTO-A\u00c9REA-TRATADA.jpg\",\"width\":2000,\"height\":1042},{\"@type\":\"WebSite\",\"@id\":\"https:\/\/marelli.protoaws.dzigual.com.br\/#website\",\"url\":\"https:\/\/marelli.protoaws.dzigual.com.br\/\",\"name\":\"Marelli\",\"description\":\"H\u00e1 mais de 37 anos desenvolvendo solu\u00e7\u00f5es inovadoras de mobili\u00e1rio corporativo com design e ergonomia.\",\"potentialAction\":[{\"@type\":\"SearchAction\",\"target\":{\"@type\":\"EntryPoint\",\"urlTemplate\":\"https:\/\/marelli.protoaws.dzigual.com.br\/?s={search_term_string}\"},\"query-input\":{\"@type\":\"PropertyValueSpecification\",\"valueRequired\":true,\"valueName\":\"search_term_string\"}}],\"inLanguage\":\"es-ES\"}]}<\/script>\n<!-- \/ Yoast SEO plugin. -->","yoast_head_json":{"title":"Es sobre ambientes que transforman profesionales. - Marelli","description":"Accede y conoce m\u00e1s sobre Es sobre entornos que transforman a los profesionales.","robots":{"index":"index","follow":"follow","max-snippet":"max-snippet:-1","max-image-preview":"max-image-preview:large","max-video-preview":"max-video-preview:-1"},"canonical":"https:\/\/marelli.protoaws.dzigual.com.br\/es\/quienes-somos\/","og_locale":"es_ES","og_type":"article","og_title":"Es sobre ambientes que transforman profesionales. - Marelli","og_description":"Accede y conoce m\u00e1s sobre Es sobre entornos que transforman a los profesionales.","og_url":"https:\/\/marelli.protoaws.dzigual.com.br\/quem-somos\/","og_site_name":"Marelli","article_modified_time":"2023-08-11T14:29:11+00:00","og_image":[{"width":2000,"height":1042,"url":"https:\/\/marelli.protoaws.dzigual.com.br\/wp-content\/uploads\/2022\/05\/FOTO-A\u00c9REA-TRATADA.jpg","type":"image\/jpeg"}],"twitter_card":"summary_large_image","schema":{"@context":"https:\/\/schema.org","@graph":[{"@type":"WebPage","@id":"https:\/\/marelli.protoaws.dzigual.com.br\/quem-somos\/","url":"https:\/\/marelli.protoaws.dzigual.com.br\/quem-somos\/","name":"Es sobre ambientes que transforman profesionales. - Marelli","isPartOf":{"@id":"https:\/\/marelli.protoaws.dzigual.com.br\/#website"},"primaryImageOfPage":{"@id":"https:\/\/marelli.protoaws.dzigual.com.br\/quem-somos\/#primaryimage"},"image":{"@id":"https:\/\/marelli.protoaws.dzigual.com.br\/quem-somos\/#primaryimage"},"thumbnailUrl":"https:\/\/marelli.protoaws.dzigual.com.br\/wp-content\/uploads\/2022\/05\/FOTO-A\u00c9REA-TRATADA.jpg","datePublished":"2020-10-01T21:49:21+00:00","dateModified":"2023-08-11T14:29:11+00:00","description":"Accede y conoce m\u00e1s sobre Es sobre entornos que transforman a los profesionales.","inLanguage":"es-ES","potentialAction":[{"@type":"ReadAction","target":["https:\/\/marelli.protoaws.dzigual.com.br\/quem-somos\/"]}]},{"@type":"ImageObject","inLanguage":"es-ES","@id":"https:\/\/marelli.protoaws.dzigual.com.br\/quem-somos\/#primaryimage","url":"https:\/\/marelli.protoaws.dzigual.com.br\/wp-content\/uploads\/2022\/05\/FOTO-A\u00c9REA-TRATADA.jpg","contentUrl":"https:\/\/marelli.protoaws.dzigual.com.br\/wp-content\/uploads\/2022\/05\/FOTO-A\u00c9REA-TRATADA.jpg","width":2000,"height":1042},{"@type":"WebSite","@id":"https:\/\/marelli.protoaws.dzigual.com.br\/#website","url":"https:\/\/marelli.protoaws.dzigual.com.br\/","name":"Marelli","description":"H\u00e1 mais de 37 anos desenvolvendo solu\u00e7\u00f5es inovadoras de mobili\u00e1rio corporativo com design e ergonomia.","potentialAction":[{"@type":"SearchAction","target":{"@type":"EntryPoint","urlTemplate":"https:\/\/marelli.protoaws.dzigual.com.br\/?s={search_term_string}"},"query-input":{"@type":"PropertyValueSpecification","valueRequired":true,"valueName":"search_term_string"}}],"inLanguage":"es-ES"}]}},"_links":{"self":[{"href":"https:\/\/marelli.protoaws.dzigual.com.br\/es\/wp-json\/wp\/v2\/pages\/415","targetHints":{"allow":["GET"]}}],"collection":[{"href":"https:\/\/marelli.protoaws.dzigual.com.br\/es\/wp-json\/wp\/v2\/pages"}],"about":[{"href":"https:\/\/marelli.protoaws.dzigual.com.br\/es\/wp-json\/wp\/v2\/types\/page"}],"author":[{"embeddable":true,"href":"https:\/\/marelli.protoaws.dzigual.com.br\/es\/wp-json\/wp\/v2\/users\/1"}],"replies":[{"embeddable":true,"href":"https:\/\/marelli.protoaws.dzigual.com.br\/es\/wp-json\/wp\/v2\/comments?post=415"}],"version-history":[{"count":18,"href":"https:\/\/marelli.protoaws.dzigual.com.br\/es\/wp-json\/wp\/v2\/pages\/415\/revisions"}],"predecessor-version":[{"id":3770,"href":"https:\/\/marelli.protoaws.dzigual.com.br\/es\/wp-json\/wp\/v2\/pages\/415\/revisions\/3770"}],"wp:featuredmedia":[{"embeddable":true,"href":"https:\/\/marelli.protoaws.dzigual.com.br\/es\/wp-json\/wp\/v2\/media\/2046"}],"wp:attachment":[{"href":"https:\/\/marelli.protoaws.dzigual.com.br\/es\/wp-json\/wp\/v2\/media?parent=415"}],"curies":[{"name":"wp","href":"https:\/\/api.w.org\/{rel}","templated":true}]}}